{"id":10,"date":"2020-09-18T05:11:50","date_gmt":"2020-09-18T03:11:50","guid":{"rendered":"https:\/\/www.evolvik.com.br\/loja-spanish-II\/?post_type=product&#038;p=10"},"modified":"2023-06-27T18:37:34","modified_gmt":"2023-06-27T16:37:34","slug":"kit-elastico-inversion-extension","status":"publish","type":"product","link":"https:\/\/www.evolvik.com.br\/loja-spanish-II\/product\/kit-elastico-inversion-extension\/","title":{"rendered":"KIT EL\u00c1STICO INVERSI\u00d3N \/ EXTENSI\u00d3N"},"content":{"rendered":"<p>Hay dos bandas el\u00e1sticas de 20 cm con velcro en los extremos, que se pueden unir a los el\u00e1sticos del<br \/>\npantal\u00f3n para poder rotar el el\u00e1stico en sentido contrario con eficacia y comodidad.<\/p>\n","protected":false},"excerpt":{"rendered":"<p>Hay dos bandas el\u00e1sticas de 20 cm con velcro en los extremos, que se pueden unir a los el\u00e1sticos del&hellip;<\/p>\n","protected":false},"featured_media":29,"comment_status":"open","ping_status":"closed","template":"","meta":[],"product_cat":[15,16],"product_tag":[],"_links":{"self":[{"href":"https:\/\/www.evolvik.com.br\/loja-spanish-II\/wp-json\/wp\/v2\/product\/10"}],"collection":[{"href":"https:\/\/www.evolvik.com.br\/loja-spanish-II\/wp-json\/wp\/v2\/product"}],"about":[{"href":"https:\/\/www.evolvik.com.br\/loja-spanish-II\/wp-json\/wp\/v2\/types\/product"}],"replies":[{"embeddable":true,"href":"https:\/\/www.evolvik.com.br\/loja-spanish-II\/wp-json\/wp\/v2\/comments?post=10"}],"wp:featuredmedia":[{"embeddable":true,"href":"https:\/\/www.evolvik.com.br\/loja-spanish-II\/wp-json\/wp\/v2\/media\/29"}],"wp:attachment":[{"href":"https:\/\/www.evolvik.com.br\/loja-spanish-II\/wp-json\/wp\/v2\/media?parent=10"}],"wp:term":[{"taxonomy":"product_cat","embeddable":true,"href":"https:\/\/www.evolvik.com.br\/loja-spanish-II\/wp-json\/wp\/v2\/product_cat?post=10"},{"taxonomy":"product_tag","embeddable":true,"href":"https:\/\/www.evolvik.com.br\/loja-spanish-II\/wp-json\/wp\/v2\/product_tag?post=10"}],"curies":[{"name":"wp","href":"https:\/\/api.w.org\/{rel}","templated":true}]}}