{"id":155,"date":"2020-09-18T07:17:50","date_gmt":"2020-09-18T05:17:50","guid":{"rendered":"https:\/\/www.evolvik.com.br\/loja-spanish-II\/?post_type=product&#038;p=155"},"modified":"2024-07-06T16:30:23","modified_gmt":"2024-07-06T14:30:23","slug":"pantalon-flex-rota-rotacion-interna","status":"publish","type":"product","link":"https:\/\/www.evolvik.com.br\/loja-spanish-II\/product\/pantalon-flex-rota-rotacion-interna\/","title":{"rendered":"ROTA FLEX INTERNA"},"content":{"rendered":"<p>Rota Flex es un pantal\u00f3n giratorio que permite la alineaci\u00f3n giratoria de la extremidad inferior. Es una<br \/>\npieza desarrollada principalmente con el prop\u00f3sito de ser una extensi\u00f3n de la terapia intensiva, pudiendo<br \/>\nSe puede utilizar f\u00e1cilmente en las actividades diarias.<\/p>\n<p>Los pantalon Rota Flex\u00a0 Rotation Interna est\u00e1n indicados para pacientes que necesitan asistencia de alineaci\u00f3n Postura de rotaci\u00f3n interna de piernas y pies.<\/p>\n<p>El uso frecuente y gradual de los pantalon Rota Flex\u00a0 Rotation Interna proporciona:<\/p>\n<ul>\n<li>Alineaci\u00f3n rotacional de las extremidades inferiores;<\/li>\n<li>Mejora de la respuesta somatosensorial;<\/li>\n<li>Disminuci\u00f3n gradual de los estereotipos;<\/li>\n<li>Mayor concentraci\u00f3n cognitiva.<\/li>\n<\/ul>\n<p>&nbsp;<\/p>\n<blockquote><p>Este producto est\u00e1 contraindicado para pacientes con enfermedades cardiovasculares graves, reflujo severo oconvulsiones incontroladas.<\/p><\/blockquote>\n<p>&nbsp;<\/p>\n<p>&nbsp;<\/p>\n<p>&nbsp;<\/p>\n<ul>\n<li><strong>TAMA\u00d1OS<\/strong><br \/>\nS-baby | M-baby | L-baby | XXS | XS | S | M | L | XL | XXL | XXXL<\/li>\n<\/ul>\n<p>Para mayores informes referentes a medidas, consultar nuestra tabla de tama\u00f1os segun edad\/peso<\/p>\n<p>&nbsp;<\/p>\n<ul>\n<li><strong>COLORES<\/strong><\/li>\n<li>Nude<\/li>\n<\/ul>\n<p>&nbsp;<\/p>\n<ul>\n<li><strong>MATERIAL<\/strong><\/li>\n<li>Tejido de compresi\u00f3n 79% poliamida 21% elastano<\/li>\n<\/ul>\n<p><img decoding=\"async\" loading=\"lazy\" class=\"wp-image-322 aligncenter\" src=\"https:\/\/www.evolvik.com.br\/loja-spanish-II\/wp-content\/uploads\/2021\/02\/TABELA-DE-MEDIDAS-2020-EVOLVIK-300x241.jpg\" alt=\"\" width=\"495\" height=\"398\" srcset=\"https:\/\/www.evolvik.com.br\/loja-spanish-II\/wp-content\/uploads\/2021\/02\/TABELA-DE-MEDIDAS-2020-EVOLVIK-300x241.jpg 300w, https:\/\/www.evolvik.com.br\/loja-spanish-II\/wp-content\/uploads\/2021\/02\/TABELA-DE-MEDIDAS-2020-EVOLVIK-768x617.jpg 768w, https:\/\/www.evolvik.com.br\/loja-spanish-II\/wp-content\/uploads\/2021\/02\/TABELA-DE-MEDIDAS-2020-EVOLVIK-600x482.jpg 600w, https:\/\/www.evolvik.com.br\/loja-spanish-II\/wp-content\/uploads\/2021\/02\/TABELA-DE-MEDIDAS-2020-EVOLVIK.jpg 900w\" sizes=\"(max-width: 495px) 100vw, 495px\" \/><\/p>\n","protected":false},"excerpt":{"rendered":"<p>ROTA FLEX INTERNA<\/p>\n","protected":false},"featured_media":384,"comment_status":"open","ping_status":"closed","template":"","meta":[],"product_cat":[15,18],"product_tag":[],"_links":{"self":[{"href":"https:\/\/www.evolvik.com.br\/loja-spanish-II\/wp-json\/wp\/v2\/product\/155"}],"collection":[{"href":"https:\/\/www.evolvik.com.br\/loja-spanish-II\/wp-json\/wp\/v2\/product"}],"about":[{"href":"https:\/\/www.evolvik.com.br\/loja-spanish-II\/wp-json\/wp\/v2\/types\/product"}],"replies":[{"embeddable":true,"href":"https:\/\/www.evolvik.com.br\/loja-spanish-II\/wp-json\/wp\/v2\/comments?post=155"}],"wp:featuredmedia":[{"embeddable":true,"href":"https:\/\/www.evolvik.com.br\/loja-spanish-II\/wp-json\/wp\/v2\/media\/384"}],"wp:attachment":[{"href":"https:\/\/www.evolvik.com.br\/loja-spanish-II\/wp-json\/wp\/v2\/media?parent=155"}],"wp:term":[{"taxonomy":"product_cat","embeddable":true,"href":"https:\/\/www.evolvik.com.br\/loja-spanish-II\/wp-json\/wp\/v2\/product_cat?post=155"},{"taxonomy":"product_tag","embeddable":true,"href":"https:\/\/www.evolvik.com.br\/loja-spanish-II\/wp-json\/wp\/v2\/product_tag?post=155"}],"curies":[{"name":"wp","href":"https:\/\/api.w.org\/{rel}","templated":true}]}}