{"id":247,"date":"2021-02-02T03:15:19","date_gmt":"2021-02-02T02:15:19","guid":{"rendered":"https:\/\/www.evolvik.com.br\/loja-spanish-II\/?post_type=product&#038;p=247"},"modified":"2025-03-21T22:21:53","modified_gmt":"2025-03-21T21:21:53","slug":"legging-2","status":"publish","type":"product","link":"https:\/\/www.evolvik.com.br\/loja-spanish-II\/product\/legging-2\/","title":{"rendered":"LEGGING"},"content":{"rendered":"<p>Legging est\u00e1 fabricado con una malla especial para favorecer una mejor respuesta sensorial con comodidad del paciente. Su gran diferencial es la compresi\u00f3n diferenciada en las articulaciones de la rodilla, ofreciendo mayor y mejor sensaci\u00f3n t\u00e1ctil y propioceptiva.<\/p>\n<p>El uso frecuente y progresivo de pantalones legging propioceptivos proporciona:<\/p>\n<ul>\n<li>Mejora de la respuesta somatosensorial;<\/li>\n<li>Disminuci\u00f3n gradual de los estereotipos;<\/li>\n<li>Mayor concentraci\u00f3n cognitiva.<\/li>\n<\/ul>\n<blockquote><p>Este producto est\u00e1 contraindicado para pacientes con enfermedad cardiovascular severa, reflujo severo o convulsiones no controladas.<\/p><\/blockquote>\n<p>&nbsp;<\/p>\n<ul>\n<li><strong>TAMA\u00d1OS<\/strong><br \/>\nS-baby | M-baby | L-baby | XXS | XS | S | M | L | XL | XXL | XXXL<\/li>\n<\/ul>\n<p>Para mayores informes referentes a medidas, consultar nuestra tabla de tama\u00f1os segun edad\/peso<\/p>\n<p>&nbsp;<\/p>\n<ul>\n<li><strong>COLORES<\/strong><br \/>\nNUDE | NEGRO<\/li>\n<\/ul>\n<p>&nbsp;<\/p>\n<ul>\n<li><strong>MATERIAL<\/strong><br \/>\nTejido de compresi\u00f3n 79% poliamida 21% elastano<\/li>\n<\/ul>\n<p>&nbsp;<\/p>\n<p><img decoding=\"async\" loading=\"lazy\" class=\" wp-image-322 aligncenter\" src=\"https:\/\/www.evolvik.com.br\/loja-spanish-II\/wp-content\/uploads\/2021\/02\/TABELA-DE-MEDIDAS-2020-EVOLVIK-300x241.jpg\" alt=\"\" width=\"507\" height=\"407\" srcset=\"https:\/\/www.evolvik.com.br\/loja-spanish-II\/wp-content\/uploads\/2021\/02\/TABELA-DE-MEDIDAS-2020-EVOLVIK-300x241.jpg 300w, https:\/\/www.evolvik.com.br\/loja-spanish-II\/wp-content\/uploads\/2021\/02\/TABELA-DE-MEDIDAS-2020-EVOLVIK-768x617.jpg 768w, https:\/\/www.evolvik.com.br\/loja-spanish-II\/wp-content\/uploads\/2021\/02\/TABELA-DE-MEDIDAS-2020-EVOLVIK-600x482.jpg 600w, https:\/\/www.evolvik.com.br\/loja-spanish-II\/wp-content\/uploads\/2021\/02\/TABELA-DE-MEDIDAS-2020-EVOLVIK.jpg 900w\" sizes=\"(max-width: 507px) 100vw, 507px\" \/><\/p>\n<div id=\"gtx-trans\" style=\"position: absolute; left: 151px; top: 580px;\">\n<div class=\"gtx-trans-icon\"><\/div>\n<\/div>\n","protected":false},"excerpt":{"rendered":"<p>LEGGING<\/p>\n<div id=\"gtx-trans\" style=\"position: absolute; left: 231px; top: 43px;\">\n<div class=\"gtx-trans-icon\"><\/div>\n<\/div>\n","protected":false},"featured_media":99,"comment_status":"open","ping_status":"closed","template":"","meta":[],"product_cat":[27,18],"product_tag":[],"_links":{"self":[{"href":"https:\/\/www.evolvik.com.br\/loja-spanish-II\/wp-json\/wp\/v2\/product\/247"}],"collection":[{"href":"https:\/\/www.evolvik.com.br\/loja-spanish-II\/wp-json\/wp\/v2\/product"}],"about":[{"href":"https:\/\/www.evolvik.com.br\/loja-spanish-II\/wp-json\/wp\/v2\/types\/product"}],"replies":[{"embeddable":true,"href":"https:\/\/www.evolvik.com.br\/loja-spanish-II\/wp-json\/wp\/v2\/comments?post=247"}],"wp:featuredmedia":[{"embeddable":true,"href":"https:\/\/www.evolvik.com.br\/loja-spanish-II\/wp-json\/wp\/v2\/media\/99"}],"wp:attachment":[{"href":"https:\/\/www.evolvik.com.br\/loja-spanish-II\/wp-json\/wp\/v2\/media?parent=247"}],"wp:term":[{"taxonomy":"product_cat","embeddable":true,"href":"https:\/\/www.evolvik.com.br\/loja-spanish-II\/wp-json\/wp\/v2\/product_cat?post=247"},{"taxonomy":"product_tag","embeddable":true,"href":"https:\/\/www.evolvik.com.br\/loja-spanish-II\/wp-json\/wp\/v2\/product_tag?post=247"}],"curies":[{"name":"wp","href":"https:\/\/api.w.org\/{rel}","templated":true}]}}