{"id":31,"date":"2020-09-18T05:42:25","date_gmt":"2020-09-18T03:42:25","guid":{"rendered":"https:\/\/www.evolvik.com.br\/loja-spanish-II\/?post_type=product&#038;p=31"},"modified":"2023-06-27T18:27:48","modified_gmt":"2023-06-27T16:27:48","slug":"weight-vest","status":"publish","type":"product","link":"https:\/\/www.evolvik.com.br\/loja-spanish-II\/product\/weight-vest\/","title":{"rendered":"WEIGHT VEST"},"content":{"rendered":"<p>CHALECO DE PESO &#8211; CHALECO DE PESO<br \/>\nEs un chaleco vers\u00e1til y f\u00e1cil de usar, con seis bolsillos internos que sirven para colocar pesos seg\u00fan las necesidades de cada paciente, tiene tres aberturas, dos velcros en el lateral ajustados a cada tipo de cuerpo y una abertura frontal con botones.<\/p>\n<p>Puede utilizarse en cualquier situaci\u00f3n diaria o en terapias. Ayudan a organizar el sistema somato sensorial.<\/p>\n<p>Cada chaleco viene con 6 paquetes de pesas. Cuatro paquetes de 100g y dos paquetes de 200g. El peso del chaleco debe ser guiado por un profesional calificado, pero suele corresponder del 5% al \u200b\u200b10% del valor del peso del paciente.<\/p>\n<p>El uso frecuente y gradual del chaleco lastrado proporciona:<\/p>\n<ul>\n<li>Mejora de la respuesta somatosensorial;<\/li>\n<li>Disminuci\u00f3n gradual de los estereotipos;<\/li>\n<li>Mayor concentraci\u00f3n cognitiva.<\/li>\n<\/ul>\n<p>&nbsp;<\/p>\n<blockquote><p>Este producto est\u00e1 contraindicado para pacientes con enfermedad cardiovascular severa, reflujo severo o convulsiones no controladas.<\/p><\/blockquote>\n<p>&nbsp;<\/p>\n<ul>\n<li><strong>TAMA\u00d1OS<\/strong><br \/>\nP, M y G<\/li>\n<\/ul>\n<p>&nbsp;<\/p>\n<p>Para obtener informaci\u00f3n completa sobre las medidas, consulte nuestra tabla de tallas y pautas de medidas.<\/p>\n<p>&nbsp;<\/p>\n<ul>\n<li><strong>COLORES<\/strong><br \/>\nLila \/ Verde \/ Azul<\/li>\n<\/ul>\n<p>&nbsp;<\/p>\n<ul>\n<li><strong>MATERIAL<\/strong><br \/>\nTejido de compresi\u00f3n 79% poliamida 21% elastano<\/li>\n<\/ul>\n","protected":false},"excerpt":{"rendered":"<p>WEIGHT VEST<\/p>\n","protected":false},"featured_media":14,"comment_status":"open","ping_status":"closed","template":"","meta":[],"product_cat":[17],"product_tag":[],"_links":{"self":[{"href":"https:\/\/www.evolvik.com.br\/loja-spanish-II\/wp-json\/wp\/v2\/product\/31"}],"collection":[{"href":"https:\/\/www.evolvik.com.br\/loja-spanish-II\/wp-json\/wp\/v2\/product"}],"about":[{"href":"https:\/\/www.evolvik.com.br\/loja-spanish-II\/wp-json\/wp\/v2\/types\/product"}],"replies":[{"embeddable":true,"href":"https:\/\/www.evolvik.com.br\/loja-spanish-II\/wp-json\/wp\/v2\/comments?post=31"}],"wp:featuredmedia":[{"embeddable":true,"href":"https:\/\/www.evolvik.com.br\/loja-spanish-II\/wp-json\/wp\/v2\/media\/14"}],"wp:attachment":[{"href":"https:\/\/www.evolvik.com.br\/loja-spanish-II\/wp-json\/wp\/v2\/media?parent=31"}],"wp:term":[{"taxonomy":"product_cat","embeddable":true,"href":"https:\/\/www.evolvik.com.br\/loja-spanish-II\/wp-json\/wp\/v2\/product_cat?post=31"},{"taxonomy":"product_tag","embeddable":true,"href":"https:\/\/www.evolvik.com.br\/loja-spanish-II\/wp-json\/wp\/v2\/product_tag?post=31"}],"curies":[{"name":"wp","href":"https:\/\/api.w.org\/{rel}","templated":true}]}}