{"id":626,"date":"2025-08-29T14:38:11","date_gmt":"2025-08-29T12:38:11","guid":{"rendered":"https:\/\/www.evolvik.com.br\/loja-spanish-II\/?post_type=product&#038;p=626"},"modified":"2025-08-29T14:57:45","modified_gmt":"2025-08-29T12:57:45","slug":"hydro-evolvik","status":"publish","type":"product","link":"https:\/\/www.evolvik.com.br\/loja-spanish-II\/product\/hydro-evolvik\/","title":{"rendered":"HYDRO EVOLVIK"},"content":{"rendered":"<p>Hydro Evolvik es un traje propioceptivo de una sola pieza que proporciona una sensaci\u00f3n de mayor fuerza. Se desarroll\u00f3 principalmente como una extensi\u00f3n de la terapia intensiva y es apto para piscinas y otras actividades acu\u00e1ticas.<\/p>\n<p>Est\u00e1 fabricado con un tejido especial que permite una mejor movilidad del paciente. Sus costuras y acabados se dise\u00f1aron para brindar la m\u00e1xima comodidad y practicidad tanto al paciente como a su familia.<\/p>\n<p>&nbsp;<\/p>\n<blockquote><p>* Este producto est\u00e1 contraindicado para pacientes con enfermedad cardiovascular grave, reflujo intenso o convulsiones no controladas.<\/p><\/blockquote>\n<ul>\n<li><strong>TAMA\u00d1OS<\/strong><br \/>\nS-baby | M-baby | L-baby | XXS | XS | S | M | L | XL | XXL | XXXL<\/li>\n<\/ul>\n<p>&nbsp;<\/p>\n<p>Para mayores informes referentes a medidas, consultar nuestra tabla de tama\u00f1os segun edad\/peso<\/p>\n<p>&nbsp;<\/p>\n<ul>\n<li><strong>COLOR<\/strong><br \/>\nNARANJA<\/li>\n<\/ul>\n<p>&nbsp;<\/p>\n<ul>\n<li><strong>MATERIAL<\/strong><br \/>\nTejido de compresi\u00f3n 79% poliamida 21% elastano<\/li>\n<\/ul>\n<p>&nbsp;<\/p>\n<p>Para obtener informaci\u00f3n completa sobre las tallas, consulte nuestra tabla de tallas e instrucciones de medici\u00f3n.<\/p>\n<p><img decoding=\"async\" loading=\"lazy\" class=\" wp-image-322 aligncenter\" src=\"https:\/\/www.evolvik.com.br\/loja-spanish-II\/wp-content\/uploads\/2021\/02\/TABELA-DE-MEDIDAS-2020-EVOLVIK-300x241.jpg\" alt=\"\" width=\"415\" height=\"333\" srcset=\"https:\/\/www.evolvik.com.br\/loja-spanish-II\/wp-content\/uploads\/2021\/02\/TABELA-DE-MEDIDAS-2020-EVOLVIK-300x241.jpg 300w, https:\/\/www.evolvik.com.br\/loja-spanish-II\/wp-content\/uploads\/2021\/02\/TABELA-DE-MEDIDAS-2020-EVOLVIK-768x617.jpg 768w, https:\/\/www.evolvik.com.br\/loja-spanish-II\/wp-content\/uploads\/2021\/02\/TABELA-DE-MEDIDAS-2020-EVOLVIK-600x482.jpg 600w, https:\/\/www.evolvik.com.br\/loja-spanish-II\/wp-content\/uploads\/2021\/02\/TABELA-DE-MEDIDAS-2020-EVOLVIK.jpg 900w\" sizes=\"(max-width: 415px) 100vw, 415px\" \/><\/p>\n","protected":false},"excerpt":{"rendered":"<p>HYDRO EVOLVIK<\/p>\n","protected":false},"featured_media":638,"comment_status":"open","ping_status":"closed","template":"","meta":[],"product_cat":[19],"product_tag":[],"_links":{"self":[{"href":"https:\/\/www.evolvik.com.br\/loja-spanish-II\/wp-json\/wp\/v2\/product\/626"}],"collection":[{"href":"https:\/\/www.evolvik.com.br\/loja-spanish-II\/wp-json\/wp\/v2\/product"}],"about":[{"href":"https:\/\/www.evolvik.com.br\/loja-spanish-II\/wp-json\/wp\/v2\/types\/product"}],"replies":[{"embeddable":true,"href":"https:\/\/www.evolvik.com.br\/loja-spanish-II\/wp-json\/wp\/v2\/comments?post=626"}],"wp:featuredmedia":[{"embeddable":true,"href":"https:\/\/www.evolvik.com.br\/loja-spanish-II\/wp-json\/wp\/v2\/media\/638"}],"wp:attachment":[{"href":"https:\/\/www.evolvik.com.br\/loja-spanish-II\/wp-json\/wp\/v2\/media?parent=626"}],"wp:term":[{"taxonomy":"product_cat","embeddable":true,"href":"https:\/\/www.evolvik.com.br\/loja-spanish-II\/wp-json\/wp\/v2\/product_cat?post=626"},{"taxonomy":"product_tag","embeddable":true,"href":"https:\/\/www.evolvik.com.br\/loja-spanish-II\/wp-json\/wp\/v2\/product_tag?post=626"}],"curies":[{"name":"wp","href":"https:\/\/api.w.org\/{rel}","templated":true}]}}