{"id":641,"date":"2025-09-01T15:19:15","date_gmt":"2025-09-01T13:19:15","guid":{"rendered":"https:\/\/www.evolvik.com.br\/loja-spanish-II\/?post_type=product&#038;p=641"},"modified":"2025-09-02T15:00:20","modified_gmt":"2025-09-02T13:00:20","slug":"ez-vest","status":"publish","type":"product","link":"https:\/\/www.evolvik.com.br\/loja-spanish-II\/product\/ez-vest\/","title":{"rendered":"EZ Vest"},"content":{"rendered":"<p>Traje sensorial dise\u00f1ada para facilitar el control postural en personas con afecciones neurol\u00f3gicas u ortop\u00e9dicas. Fabricada con el\u00e1stico cosido internamente, la prenda EZ Vest soporta la postura contra la gravedad, favoreciendo la correcci\u00f3n postural y proporcionando estabilidad articular para facilitar la carga de peso.<\/p>\n<p>El uso frecuente y gradual de la prenda EZ Vest proporciona:<\/p>\n<ul>\n<li>Mejor control postural;<\/li>\n<li>Promoci\u00f3n de la correcci\u00f3n postural;<\/li>\n<li>Estabilidad articular para la carga de peso;<\/li>\n<li>Mayor soporte contra la gravedad.<\/li>\n<\/ul>\n<p><em><strong>*Este producto est\u00e1 contraindicado para pacientes con enfermedad cardiovascular grave, reflujo intenso o convulsiones no controladas.<\/strong><\/em><\/p>\n<ul>\n<li><strong>COLOR &#8211; <\/strong>BEGE<\/li>\n<\/ul>\n<ul>\n<li><strong>MATERIAL<\/strong> \u2013 Tejido de compresi\u00f3n 79% poliamida 21% elastano<\/li>\n<\/ul>\n<ul>\n<li><strong>TAMA\u00d1OS<\/strong><br \/>\nS-baby | M-baby | L-baby | XXS | XS | S | M | L | XL | XXL | XXXL<\/li>\n<\/ul>\n<p>Para obtener informaci\u00f3n completa sobre las tallas, consulte nuestra tabla de tallas e instrucciones de medici\u00f3n.<\/p>\n<p>&nbsp;<\/p>\n<p><img decoding=\"async\" loading=\"lazy\" class=\"aligncenter wp-image-662\" src=\"https:\/\/www.evolvikbrasil.com.br\/loja-brasil\/wp-content\/uploads\/2020\/11\/tabela-de-medidas-2021-300x241.jpg\" alt=\"\" width=\"461\" height=\"370\" \/><\/p>\n<p>&nbsp;<\/p>\n<ul>\n<li><strong>Medidas e ajustes para GTT podem ser informados no ato do pedido, no campo Notas do pedido ou pelo whatsapp +55 61 9 9932 4855<\/strong><\/li>\n<\/ul>\n","protected":false},"excerpt":{"rendered":"<p>EZ Vest<\/p>\n<p>&nbsp;<\/p>\n<p>&nbsp;<\/p>\n","protected":false},"featured_media":657,"comment_status":"open","ping_status":"closed","template":"","meta":[],"product_cat":[26,27,18],"product_tag":[],"_links":{"self":[{"href":"https:\/\/www.evolvik.com.br\/loja-spanish-II\/wp-json\/wp\/v2\/product\/641"}],"collection":[{"href":"https:\/\/www.evolvik.com.br\/loja-spanish-II\/wp-json\/wp\/v2\/product"}],"about":[{"href":"https:\/\/www.evolvik.com.br\/loja-spanish-II\/wp-json\/wp\/v2\/types\/product"}],"replies":[{"embeddable":true,"href":"https:\/\/www.evolvik.com.br\/loja-spanish-II\/wp-json\/wp\/v2\/comments?post=641"}],"wp:featuredmedia":[{"embeddable":true,"href":"https:\/\/www.evolvik.com.br\/loja-spanish-II\/wp-json\/wp\/v2\/media\/657"}],"wp:attachment":[{"href":"https:\/\/www.evolvik.com.br\/loja-spanish-II\/wp-json\/wp\/v2\/media?parent=641"}],"wp:term":[{"taxonomy":"product_cat","embeddable":true,"href":"https:\/\/www.evolvik.com.br\/loja-spanish-II\/wp-json\/wp\/v2\/product_cat?post=641"},{"taxonomy":"product_tag","embeddable":true,"href":"https:\/\/www.evolvik.com.br\/loja-spanish-II\/wp-json\/wp\/v2\/product_tag?post=641"}],"curies":[{"name":"wp","href":"https:\/\/api.w.org\/{rel}","templated":true}]}}