{"id":662,"date":"2025-09-01T15:57:43","date_gmt":"2025-09-01T13:57:43","guid":{"rendered":"https:\/\/www.evolvik.com.br\/loja-spanish-II\/?post_type=product&#038;p=662"},"modified":"2025-09-01T16:04:40","modified_gmt":"2025-09-01T14:04:40","slug":"kit-escolar-evolvik","status":"publish","type":"product","link":"https:\/\/www.evolvik.com.br\/loja-spanish-II\/product\/kit-escolar-evolvik\/","title":{"rendered":"KIT ESCOLAR EVOLVIK"},"content":{"rendered":"<p>KIT ESCOLAR EVOLVIK &#8211; Desarrollado para el entorno escolar, el Kit Escolar ofrece est\u00edmulos propioceptivos que promueven la concentraci\u00f3n, la regulaci\u00f3n y el bienestar. Incluye un Ciempi\u00e9s, un Chaleco con Peso para Vaqueros, un reposapi\u00e9s y una manta con peso, que promueven la estabilidad, la seguridad y la organizaci\u00f3n sensorial durante todo el d\u00eda.<\/p>\n<p>ART\u00cdCULOS DEL KIT:<\/p>\n<ul>\n<li>Ciempi\u00e9s Evolvik: Un accesorio l\u00fadico que ofrece est\u00edmulos t\u00e1ctiles y propioceptivos con pesta\u00f1as coloridas y texturizadas. Se puede usar en hombros, brazos o cuello, lo que promueve la relajaci\u00f3n y la concentraci\u00f3n.<\/li>\n<li>Chaleco con Peso para Vaqueros: Un dise\u00f1o moderno y terap\u00e9utico que proporciona estabilidad postural y organizaci\u00f3n corporal. Se puede usar a diario sin estigmatizar.<\/li>\n<li>Correas para los Pies: Una caracter\u00edstica ergon\u00f3mica que promueve la alineaci\u00f3n corporal, mejora el control motor y contribuye a la concentraci\u00f3n durante las actividades.<\/li>\n<li>Manta con Peso: Distribuye el peso sobre los muslos cuando el ni\u00f1o est\u00e1 sentado. Proporciona una sensaci\u00f3n de comodidad y seguridad, y ayuda con la regulaci\u00f3n sensorial y el control de la ansiedad.<\/li>\n<\/ul>\n","protected":false},"excerpt":{"rendered":"<p>KIT ESCOLAR EVOLVIK &#8211; Desarrollado para el entorno escolar, el Kit Escolar ofrece est\u00edmulos propioceptivos que promueven la concentraci\u00f3n, la&hellip;<\/p>\n","protected":false},"featured_media":666,"comment_status":"open","ping_status":"closed","template":"","meta":[],"product_cat":[16],"product_tag":[],"_links":{"self":[{"href":"https:\/\/www.evolvik.com.br\/loja-spanish-II\/wp-json\/wp\/v2\/product\/662"}],"collection":[{"href":"https:\/\/www.evolvik.com.br\/loja-spanish-II\/wp-json\/wp\/v2\/product"}],"about":[{"href":"https:\/\/www.evolvik.com.br\/loja-spanish-II\/wp-json\/wp\/v2\/types\/product"}],"replies":[{"embeddable":true,"href":"https:\/\/www.evolvik.com.br\/loja-spanish-II\/wp-json\/wp\/v2\/comments?post=662"}],"wp:featuredmedia":[{"embeddable":true,"href":"https:\/\/www.evolvik.com.br\/loja-spanish-II\/wp-json\/wp\/v2\/media\/666"}],"wp:attachment":[{"href":"https:\/\/www.evolvik.com.br\/loja-spanish-II\/wp-json\/wp\/v2\/media?parent=662"}],"wp:term":[{"taxonomy":"product_cat","embeddable":true,"href":"https:\/\/www.evolvik.com.br\/loja-spanish-II\/wp-json\/wp\/v2\/product_cat?post=662"},{"taxonomy":"product_tag","embeddable":true,"href":"https:\/\/www.evolvik.com.br\/loja-spanish-II\/wp-json\/wp\/v2\/product_tag?post=662"}],"curies":[{"name":"wp","href":"https:\/\/api.w.org\/{rel}","templated":true}]}}